{"id":13,"date":"2025-09-18T09:29:34","date_gmt":"2025-09-18T09:29:34","guid":{"rendered":"http:\/\/www.leslietrimbur.fr\/?page_id=13"},"modified":"2026-01-15T14:26:23","modified_gmt":"2026-01-15T14:26:23","slug":"accueil","status":"publish","type":"page","link":"https:\/\/www.leslietrimbur.fr\/","title":{"rendered":"Accueil"},"content":{"rendered":"\n<div class=\"wp-block-group is-layout-constrained wp-block-group-is-layout-constrained\">\n<h1 class=\"wp-block-heading titre-droite has-large-font-size\">COMMUNICATION &amp; CULTURE D&rsquo;ENTREPRISE<\/h1>\n\n\n\n<h2 class=\"wp-block-heading has-text-align-right titre-gauche has-ast-global-color-0-color has-text-color has-link-color has-large-font-size wp-elements-64fb4263f816f96501a9f80be93e7b91\" style=\"margin-top:var(--wp--preset--spacing--30);margin-right:0;margin-bottom:var(--wp--preset--spacing--30);margin-left:0;padding-top:0px;padding-right:0;padding-bottom:0px;padding-left:0\">D\u00c9VELOPPEMENT &amp; \u00c9V\u00c9NEMENTIEL<\/h2>\n\n\n\n<div class=\"wp-block-columns is-layout-flex wp-container-core-columns-is-layout-17c01c5d wp-block-columns-is-layout-flex\" style=\"padding-top:80px;padding-bottom:80px\">\n<div class=\"wp-block-column is-layout-flow wp-block-column-is-layout-flow\">\n<figure class=\"wp-block-image size-full has-custom-border is-style-rounded\"><img loading=\"lazy\" decoding=\"async\" width=\"600\" height=\"800\" src=\"https:\/\/www.leslietrimbur.fr\/wp-content\/uploads\/2025\/10\/headshotmaster_image_1759569635436-1.png\" alt=\"\" class=\"has-border-color has-ast-global-color-0-border-color wp-image-211\" style=\"border-width:8px\" srcset=\"https:\/\/www.leslietrimbur.fr\/wp-content\/uploads\/2025\/10\/headshotmaster_image_1759569635436-1.png 600w, https:\/\/www.leslietrimbur.fr\/wp-content\/uploads\/2025\/10\/headshotmaster_image_1759569635436-1-225x300.png 225w\" sizes=\"auto, (max-width: 600px) 100vw, 600px\" \/><\/figure>\n<\/div>\n\n\n\n<div class=\"wp-block-column is-vertically-aligned-center is-layout-flow wp-block-column-is-layout-flow\" style=\"padding-top:0;padding-right:var(--wp--preset--spacing--40);padding-bottom:0;padding-left:var(--wp--preset--spacing--40)\">\n<p class=\"has-text-align-center intro-accueil has-medium-font-size\"><strong><em>\u00ab\u00a0Derri\u00e8re chaque entreprise se cachent des histoires, des talents et des ambitions.\u00a0\u00bb<\/em><\/strong><\/p>\n\n\n\n<p class=\"has-text-align-center intro-accueil has-ast-global-color-3-color has-text-color has-link-color has-medium-font-size wp-elements-c0f191e8458243811e8597529a26c89f\"><br>Mon r\u00f4le : vous aider \u00e0 les faire rayonner \u2014 \u00e0 l\u2019int\u00e9rieur comme \u00e0 l\u2019ext\u00e9rieur \u2014 gr\u00e2ce \u00e0 une communication authentique, des actions concr\u00e8tes et des exp\u00e9riences collectives qui cr\u00e9ent du lien et du sens.<\/p>\n<\/div>\n<\/div>\n\n\n\n<blockquote class=\"wp-block-quote is-layout-flow wp-block-quote-is-layout-flow\">\n<p class=\"has-text-align-center has-border-color has-ast-global-color-1-border-color has-ast-global-color-0-color has-text-color has-link-color has-medium-font-size wp-elements-f4050ac8b8c9cd0a9f1b344eaa71c4cb\" style=\"border-width:4px;padding-top:var(--wp--preset--spacing--40);padding-bottom:var(--wp--preset--spacing--40)\"><em>Cr\u00e9er du lien, raconter des histoires et r\u00e9v\u00e9ler ce qui rend chaque entreprise unique<\/em><\/p>\n<\/blockquote>\n\n\n\n<hr class=\"wp-block-separator has-alpha-channel-opacity\"\/>\n\n\n\n<div class=\"wp-block-buttons is-content-justification-center is-layout-flex wp-container-core-buttons-is-layout-a89b3969 wp-block-buttons-is-layout-flex\">\n<div class=\"wp-block-button cta-principal\"><a class=\"wp-block-button__link has-ast-global-color-3-color has-text-color has-link-color wp-element-button\" href=\"https:\/\/www.leslietrimbur.fr\/index.php\/decouvrir-mes-services\/\" style=\"padding-right:var(--wp--preset--spacing--60);padding-left:var(--wp--preset--spacing--60)\">D\u00e9couvrir mes services<\/a><\/div>\n\n\n\n<div class=\"wp-block-button cta-principal\"><a class=\"wp-block-button__link has-ast-global-color-3-color has-ast-global-color-1-background-color has-text-color has-background has-link-color wp-element-button\" href=\"https:\/\/www.leslietrimbur.fr\/index.php\/mes-projets\/\" style=\"padding-right:var(--wp--preset--spacing--80);padding-left:var(--wp--preset--spacing--80)\">Voir mes projets <\/a><\/div>\n\n\n\n<div class=\"wp-block-button cta-principal\"><a class=\"wp-block-button__link has-ast-global-color-3-color has-text-color has-link-color wp-element-button\" href=\"https:\/\/www.leslietrimbur.fr\/index.php\/me-contacter\/\" style=\"padding-right:var(--wp--preset--spacing--80);padding-left:var(--wp--preset--spacing--80)\">Me contacter<\/a><\/div>\n<\/div>\n\n\n\n<hr class=\"wp-block-separator has-alpha-channel-opacity\"\/>\n\n\n\n<h3 class=\"wp-block-heading has-text-align-center cta-reveal has-ast-global-color-3-color has-text-color has-background has-link-color wp-elements-7843e299a1aa480b379c6592b3eacf08\" style=\"background-color:#f9f4e9;font-size:26px\">Et si on faisait briller votre entreprise autrement ?<\/h3>\n\n\n\n<script>\ndocument.addEventListener('DOMContentLoaded', function () {\n  const els = document.querySelectorAll('.cta-reveal');\n  if (!('IntersectionObserver' in window)) { els.forEach(el=>el.classList.add('visible')); return; }\n  const obs = new IntersectionObserver((entries)=>{\n    entries.forEach(e=>{\n      if (e.isIntersecting) { e.target.classList.add('visible'); obs.unobserve(e.target); }\n    });\n  }, { threshold: 0.2 });\n  els.forEach(el=>obs.observe(el));\n});\n<\/script>\n<\/div>\n","protected":false},"excerpt":{"rendered":"<p>COMMUNICATION &amp; CULTURE D&rsquo;ENTREPRISE D\u00c9VELOPPEMENT &amp; \u00c9V\u00c9NEMENTIEL \u00ab\u00a0Derri\u00e8re chaque entreprise se cachent des histoires, des talents et des ambitions.\u00a0\u00bb Mon [&hellip;]<\/p>\n","protected":false},"author":1,"featured_media":0,"parent":0,"menu_order":0,"comment_status":"closed","ping_status":"closed","template":"","meta":{"site-sidebar-layout":"no-sidebar","site-content-layout":"plain-container","ast-site-content-layout":"default","site-content-style":"default","site-sidebar-style":"default","ast-global-header-display":"","ast-banner-title-visibility":"","ast-main-header-display":"","ast-hfb-above-header-display":"","ast-hfb-below-header-display":"","ast-hfb-mobile-header-display":"","site-post-title":"disabled","ast-breadcrumbs-content":"","ast-featured-img":"","footer-sml-layout":"","ast-disable-related-posts":"","theme-transparent-header-meta":"enabled","adv-header-id-meta":"","stick-header-meta":"","header-above-stick-meta":"","header-main-stick-meta":"","header-below-stick-meta":"","astra-migrate-meta-layouts":"default","ast-page-background-enabled":"default","ast-page-background-meta":{"desktop":{"background-color":"var(--ast-global-color-5)","background-image":"","background-repeat":"repeat","background-position":"center center","background-size":"auto","background-attachment":"scroll","background-type":"","background-media":"","overlay-type":"","overlay-color":"","overlay-opacity":"","overlay-gradient":""},"tablet":{"background-color":"","background-image":"","background-repeat":"repeat","background-position":"center center","background-size":"auto","background-attachment":"scroll","background-type":"","background-media":"","overlay-type":"","overlay-color":"","overlay-opacity":"","overlay-gradient":""},"mobile":{"background-color":"","background-image":"","background-repeat":"repeat","background-position":"center center","background-size":"auto","background-attachment":"scroll","background-type":"","background-media":"","overlay-type":"","overlay-color":"","overlay-opacity":"","overlay-gradient":""}},"ast-content-background-meta":{"desktop":{"background-color":"var(--ast-global-color-4)","background-image":"","background-repeat":"repeat","background-position":"center center","background-size":"auto","background-attachment":"scroll","background-type":"","background-media":"","overlay-type":"","overlay-color":"","overlay-opacity":"","overlay-gradient":""},"tablet":{"background-color":"var(--ast-global-color-4)","background-image":"","background-repeat":"repeat","background-position":"center center","background-size":"auto","background-attachment":"scroll","background-type":"","background-media":"","overlay-type":"","overlay-color":"","overlay-opacity":"","overlay-gradient":""},"mobile":{"background-color":"var(--ast-global-color-4)","background-image":"","background-repeat":"repeat","background-position":"center center","background-size":"auto","background-attachment":"scroll","background-type":"","background-media":"","overlay-type":"","overlay-color":"","overlay-opacity":"","overlay-gradient":""}},"footnotes":""},"class_list":["post-13","page","type-page","status-publish","hentry"],"_links":{"self":[{"href":"https:\/\/www.leslietrimbur.fr\/index.php\/wp-json\/wp\/v2\/pages\/13","targetHints":{"allow":["GET"]}}],"collection":[{"href":"https:\/\/www.leslietrimbur.fr\/index.php\/wp-json\/wp\/v2\/pages"}],"about":[{"href":"https:\/\/www.leslietrimbur.fr\/index.php\/wp-json\/wp\/v2\/types\/page"}],"author":[{"embeddable":true,"href":"https:\/\/www.leslietrimbur.fr\/index.php\/wp-json\/wp\/v2\/users\/1"}],"replies":[{"embeddable":true,"href":"https:\/\/www.leslietrimbur.fr\/index.php\/wp-json\/wp\/v2\/comments?post=13"}],"version-history":[{"count":71,"href":"https:\/\/www.leslietrimbur.fr\/index.php\/wp-json\/wp\/v2\/pages\/13\/revisions"}],"predecessor-version":[{"id":579,"href":"https:\/\/www.leslietrimbur.fr\/index.php\/wp-json\/wp\/v2\/pages\/13\/revisions\/579"}],"wp:attachment":[{"href":"https:\/\/www.leslietrimbur.fr\/index.php\/wp-json\/wp\/v2\/media?parent=13"}],"curies":[{"name":"wp","href":"https:\/\/api.w.org\/{rel}","templated":true}]}}