{"id":448,"date":"2025-10-28T09:22:08","date_gmt":"2025-10-28T09:22:08","guid":{"rendered":"https:\/\/www.leslietrimbur.fr\/?page_id=448"},"modified":"2026-01-19T08:43:07","modified_gmt":"2026-01-19T08:43:07","slug":"mes-projets","status":"publish","type":"page","link":"https:\/\/www.leslietrimbur.fr\/index.php\/mes-projets\/","title":{"rendered":"Mes projets"},"content":{"rendered":"\n<h1 class=\"wp-block-heading slide-left has-ast-global-color-0-color has-text-color has-link-color wp-elements-b88353a376ba2719b22f1d74c0373c71\" style=\"padding-right:var(--wp--preset--spacing--80);padding-left:var(--wp--preset--spacing--80);font-size:35px;font-style:italic;font-weight:600\">De Nice au Gers&#8230; Des projets, des Histoires<\/h1>\n\n\n\n<h2 class=\"wp-block-heading has-text-align-center slide-right has-ast-global-color-1-color has-text-color has-link-color wp-elements-490a209b55b2d995bcd775501f2b75da\" style=\"font-size:43px\">Mais un seul Roman <\/h2>\n\n\n\n<div class=\"wp-block-group is-layout-constrained wp-block-group-is-layout-constrained\">\n<div class=\"wp-block-cb-carousel-v2 cb-carousel-block cb-single-slide\" data-cb-slides-per-view=\"1\" data-cb-slides-per-group=\"1\" data-cb-space-between=\"30\" data-cb-speed=\"300\" data-cb-navigation=\"true\" data-cb-pagination=\"true\" data-cb-loop=\"true\" data-cb-autoplay=\"true\" data-cb-autoplay-speed=\"3000\" data-cb-breakpoints=\"{&quot;768&quot;:{&quot;slidesPerView&quot;:1,&quot;slidesPerGroup&quot;:1}}\"><div class=\"swiper\"><div class=\"cb-wrapper swiper-wrapper\">\n<div class=\"wp-block-cb-slide-v2 cb-slide swiper-slide slide-card\">\n<h3 class=\"wp-block-heading has-ast-global-color-0-color has-text-color has-link-color wp-elements-87288fb4ab57cfc702eb66b2d705bf47\" style=\"font-size:25px;text-transform:uppercase\">Charg\u00e9 de projet \u00e9v\u00e9nementiel <\/h3>\n\n\n\n<h5 class=\"wp-block-heading\" style=\"font-style:italic;font-weight:100\">Agence People Organisation &#8211; 2015<\/h5>\n\n\n\n<div class=\"wp-block-media-text is-stacked-on-mobile\"><figure class=\"wp-block-media-text__media\"><img loading=\"lazy\" decoding=\"async\" width=\"1024\" height=\"682\" src=\"https:\/\/www.leslietrimbur.fr\/wp-content\/uploads\/2025\/10\/canes-5241579_1280-1024x682.jpg\" alt=\"\" class=\"wp-image-460 size-full\" srcset=\"https:\/\/www.leslietrimbur.fr\/wp-content\/uploads\/2025\/10\/canes-5241579_1280-1024x682.jpg 1024w, https:\/\/www.leslietrimbur.fr\/wp-content\/uploads\/2025\/10\/canes-5241579_1280-300x200.jpg 300w, https:\/\/www.leslietrimbur.fr\/wp-content\/uploads\/2025\/10\/canes-5241579_1280-768x512.jpg 768w, https:\/\/www.leslietrimbur.fr\/wp-content\/uploads\/2025\/10\/canes-5241579_1280.jpg 1280w\" sizes=\"auto, (max-width: 1024px) 100vw, 1024px\" \/><\/figure><div class=\"wp-block-media-text__content\">\n<p>En collaboration avec l\u2019agence \u00e9v\u00e9nementielle <em>People Organisation<\/em>, j\u2019ai particip\u00e9 \u00e0 la mise en \u0153uvre de projets prestigieux alliant <strong>luxe, culture et exp\u00e9rience client<\/strong>.<\/p>\n\n\n\n<p class=\"has-ast-global-color-3-color has-text-color has-link-color wp-elements-2318347f0805e34ebf76195b2d3f9788\" style=\"font-size:17px\">\u2022 <strong>\u00c9v\u00e9nement BMW Chine<\/strong> : s\u00e9jour haut de gamme d\u2019une semaine pour 60 invit\u00e9s (Groupe BMW, influenceurs et m\u00e9dias) \u2014 h\u00e9bergement \u00e9toil\u00e9, gastronomie fran\u00e7aise, activit\u00e9s exclusives en <strong>BMW de collection<\/strong>, et soir\u00e9e au <strong>Festival de Cannes<\/strong> pour le lancement du film <em>Le Petit Prince<\/em>.<\/p>\n\n\n\n<p class=\"has-ast-global-color-3-color has-text-color has-link-color wp-elements-244db5f0c43f0d448d582a6277f54057\" style=\"font-size:17px\">\u2022 <strong>RoadTrip FIAT 500 \u2013 Nice \u00e0 Cassis<\/strong> : conception du roadbook, coordination logistique et animation d\u2019un parcours touristique sur-mesure.<\/p>\n\n\n\n<p class=\"has-ast-global-color-3-color has-text-color has-link-color wp-elements-a5ae27751003b6d27b15284bb6637068\" style=\"font-size:17px\">\u2022 <strong>Salon French Riviera Classic<\/strong> : gestion des <strong>relations presse<\/strong> et accompagnement des \u00e9quipes sur l\u2019organisation du salon automobile de collection.<\/p>\n<\/div><\/div>\n\n\n\n<h5 class=\"wp-block-heading has-text-align-center has-border-color has-ast-global-color-1-border-color has-ast-global-color-0-color has-text-color has-link-color wp-elements-6ef68a4cd63cd0ef92a086704adfc28f\" style=\"border-width:2px\">\u2728 <strong>Objectif :<\/strong> offrir \u00e0 chaque client une exp\u00e9rience inoubliable et fluide, o\u00f9 chaque d\u00e9tail compte.<\/h5>\n<\/div>\n\n\n\n<div class=\"wp-block-cb-slide-v2 cb-slide swiper-slide slide-card\">\n<h2 class=\"wp-block-heading has-ast-global-color-0-color has-text-color has-link-color wp-elements-2986ab1598cd42c7e7238b21d1532f7e\" style=\"font-size:25px\">HOSPITALITY MANAGER<\/h2>\n\n\n\n<h5 class=\"wp-block-heading\" style=\"font-style:italic;font-weight:100\">KONE pour le groupe ARMONIA <\/h5>\n\n\n\n<div class=\"wp-block-media-text is-stacked-on-mobile is-vertically-aligned-center\"><figure class=\"wp-block-media-text__media\"><img loading=\"lazy\" decoding=\"async\" width=\"552\" height=\"414\" src=\"https:\/\/www.leslietrimbur.fr\/wp-content\/uploads\/2025\/10\/R-1.jpg\" alt=\"\" class=\"wp-image-490 size-full\" srcset=\"https:\/\/www.leslietrimbur.fr\/wp-content\/uploads\/2025\/10\/R-1.jpg 552w, https:\/\/www.leslietrimbur.fr\/wp-content\/uploads\/2025\/10\/R-1-300x225.jpg 300w\" sizes=\"auto, (max-width: 552px) 100vw, 552px\" \/><\/figure><div class=\"wp-block-media-text__content\">\n<p>Au si\u00e8ge social de KONE \u00e0 Nice, j\u2019ai occup\u00e9 le poste de <strong>Hospitality Officer<\/strong> pour le groupe Armonia.<\/p>\n\n\n\n<p class=\"has-ast-global-color-3-color has-text-color has-link-color wp-elements-fe8e26b13c44f346aa04d337607a9e9f\">\u2022 Gestion quotidienne du <strong>bien-\u00eatre des salari\u00e9s<\/strong> et des prestataires internes (propret\u00e9, maintenance, s\u00e9curit\u00e9, travaux).<br>\u2022 Organisation d\u2019<strong>\u00e9v\u00e9nements internes<\/strong> en pleine p\u00e9riode COVID : <em>chariot du P\u00e8re No\u00ebl<\/em>, <em>concours du plus beau sapin<\/em>, animations bien-\u00eatre.<br>\u2022 Supervision des <strong>affichages obligatoires<\/strong> et communication interne.<br>\u2022 Collaboration directe avec le <strong>Directeur des Ressources Humaines<\/strong> pour identifier les besoins des \u00e9quipes.<br>\u2022 R\u00e9daction de <strong>devis, suivis administratifs et facturations<\/strong>.<\/p>\n<\/div><\/div>\n\n\n\n<div style=\"height:39px\" aria-hidden=\"true\" class=\"wp-block-spacer\"><\/div>\n\n\n\n<h6 class=\"wp-block-heading has-text-align-center has-border-color has-ast-global-color-1-border-color has-ast-global-color-0-color has-text-color has-link-color wp-elements-f9e46b1c3f4a95a5cedfba10b1c5e2f6\" style=\"border-width:2px;font-size:18px\">\ud83c\udf3f <strong>Objectif :<\/strong> cr\u00e9er un environnement de travail agr\u00e9able, fluide et humain, \u00e0 l\u2019image de la culture d\u2019entreprise souhait\u00e9e.<\/h6>\n<\/div>\n\n\n\n<div class=\"wp-block-cb-slide-v2 cb-slide swiper-slide slide-card\">\n<h2 class=\"wp-block-heading has-ast-global-color-0-color has-text-color has-link-color wp-elements-ff9ec3774c71e8c133c96fe672022942\" style=\"font-size:25px;text-transform:uppercase\">Responsable du P\u00f4le Partenariat <\/h2>\n\n\n\n<h5 class=\"wp-block-heading\" style=\"font-style:italic;font-weight:100\">Mars Aux Mus\u00e9es &#8211; Universit\u00e9 C\u00f4te d&rsquo;Azur<\/h5>\n\n\n\n<div class=\"wp-block-media-text alignfull is-stacked-on-mobile is-vertically-aligned-center\"><figure class=\"wp-block-media-text__media\"><img loading=\"lazy\" decoding=\"async\" width=\"765\" height=\"380\" src=\"https:\/\/www.leslietrimbur.fr\/wp-content\/uploads\/2025\/10\/p_20150327_092844_hdr.webp\" alt=\"\" class=\"wp-image-495 size-full\" srcset=\"https:\/\/www.leslietrimbur.fr\/wp-content\/uploads\/2025\/10\/p_20150327_092844_hdr.webp 765w, https:\/\/www.leslietrimbur.fr\/wp-content\/uploads\/2025\/10\/p_20150327_092844_hdr-300x149.webp 300w\" sizes=\"auto, (max-width: 765px) 100vw, 765px\" \/><\/figure><div class=\"wp-block-media-text__content\">\n<p>En tant que <strong>Responsable du P\u00f4le Partenariats<\/strong>, j\u2019ai accompagn\u00e9 le d\u00e9veloppement du grand projet culturel <em>Mars aux Mus\u00e9es<\/em> \u00e0 Nice.<\/p>\n\n\n\n<p class=\"has-ast-global-color-3-color has-text-color has-link-color wp-elements-34aee86ab103add54a2c4a8a3a43cc8d\">\u2022 D\u00e9veloppement et suivi des <strong>partenariats publics et priv\u00e9s<\/strong>.<br>\u2022 Coordination logistique des <strong>ateliers et \u00e9v\u00e9nements culturels<\/strong>.<br>\u2022 Mise en place d\u2019actions de communication pour <strong>attirer les \u00e9tudiants<\/strong> dans les mus\u00e9es.<br>\u2022 Collaboration avec les institutions culturelles, artistes et associations \u00e9tudiantes.<\/p>\n<\/div><\/div>\n\n\n\n<h5 class=\"wp-block-heading has-border-color has-ast-global-color-1-border-color has-ast-global-color-0-color has-text-color has-link-color wp-elements-59612c412c3fe229730d8b5f1b385db5\" style=\"border-width:2px\">\ud83c\udfad <strong>Objectif :<\/strong> rendre la culture plus accessible, vivante et participative pour les jeunes publics.<\/h5>\n<\/div>\n\n\n\n<div class=\"wp-block-cb-slide-v2 cb-slide swiper-slide slide-card\">\n<h2 class=\"wp-block-heading has-ast-global-color-0-color has-text-color has-link-color wp-elements-64fccf9bda8287a8e73ee6d35521fb63\" style=\"font-size:25px;text-transform:uppercase\">Responsable Du Bureau des Entreprises<\/h2>\n\n\n\n<h5 class=\"wp-block-heading\" style=\"font-style:italic;font-weight:100\">Lyc\u00e9e Pardailhan &#8211; Education Nationale<\/h5>\n\n\n\n<div class=\"wp-block-media-text alignfull has-media-on-the-right is-stacked-on-mobile is-vertically-aligned-center is-style-default\" style=\"grid-template-columns:auto 56%\"><div class=\"wp-block-media-text__content\">\n<p class=\"has-ast-global-color-1-color has-text-color\" style=\"font-size:18px\">En tant que <strong>Responsable du Bureau des Entreprises<\/strong>, j\u2019ai occup\u00e9 un r\u00f4le pivot entre le monde \u00e9ducatif et professionnel, avec pour mission principale de rapprocher les \u00e9l\u00e8ves du tissu \u00e9conomique local.<\/p>\n\n\n\n<p class=\"has-ast-global-color-3-color has-text-color\">\u2022 Communication externe : cr\u00e9ation et diffusion d\u2019une <strong>newsletter professionnelle<\/strong> pour promouvoir les activit\u00e9s du lyc\u00e9e.<br>\u2022 Cr\u00e9ation du <strong>logo du restaurant d\u2019application<\/strong>, contribuant \u00e0 son identit\u00e9 visuelle et \u00e0 sa valorisation aupr\u00e8s des partenaires.<br>\u2022 Organisation d\u2019\u00e9v\u00e9nements marquants :<br>\u2013 <em>No\u00ebl en EHPAD<\/em> avec les \u00e9l\u00e8ves et un chef \u00e9toil\u00e9 \ud83c\udf7d\ufe0f<br>\u2013 <em>Forum des m\u00e9tiers de la sant\u00e9<\/em> regroupant plus de 40 professionnels<br>\u2013 <em>Semaine de l\u2019agroalimentaire<\/em>, ateliers, visites et conf\u00e9rences<br>\u2013 <em>Finale du DCF Challenge<\/em> pour les BTS MCO.<br>\u2022 Mise en place d\u2019un <strong>logiciel num\u00e9rique<\/strong> simplifiant la gestion et la signature des conventions de stage.<\/p>\n<\/div><figure class=\"wp-block-media-text__media\"><img loading=\"lazy\" decoding=\"async\" width=\"600\" height=\"503\" src=\"https:\/\/www.leslietrimbur.fr\/wp-content\/uploads\/2025\/10\/Sans-titre-600-x-503-px.png\" alt=\"\" class=\"wp-image-504 size-full\" srcset=\"https:\/\/www.leslietrimbur.fr\/wp-content\/uploads\/2025\/10\/Sans-titre-600-x-503-px.png 600w, https:\/\/www.leslietrimbur.fr\/wp-content\/uploads\/2025\/10\/Sans-titre-600-x-503-px-300x252.png 300w\" sizes=\"auto, (max-width: 600px) 100vw, 600px\" \/><\/figure><\/div>\n\n\n\n<h5 class=\"wp-block-heading has-text-align-center has-border-color has-ast-global-color-1-border-color has-ast-global-color-0-color has-text-color has-link-color wp-elements-6daa1439b7707b15e0ce0da8168e034f\" style=\"border-width:2px;margin-top:var(--wp--preset--spacing--30);margin-bottom:var(--wp--preset--spacing--30);padding-top:0;padding-bottom:0\">\ud83c\udfaf <strong>Objectif :<\/strong> renforcer la collaboration \u00e9cole-entreprise, moderniser la communication et contribuer \u00e0 la r\u00e9ussite de la r\u00e9forme du lyc\u00e9e professionnel<\/h5>\n<\/div>\n\n\n\n<div class=\"wp-block-cb-slide-v2 cb-slide swiper-slide slide-card\">\n<h2 class=\"wp-block-heading has-ast-global-color-0-color has-text-color has-link-color wp-elements-2de181d7c2893d149e831a1875c8db85\" style=\"font-size:25px\">COMMUNITY MANAGEMENT <\/h2>\n\n\n\n<h5 class=\"wp-block-heading\" style=\"font-style:italic;font-weight:100\">Quad Concept &#8211; LinledIn<\/h5>\n\n\n\n<div class=\"wp-block-media-text alignfull has-media-on-the-right is-stacked-on-mobile is-vertically-aligned-center is-style-default\" style=\"grid-template-columns:auto 56%\"><div class=\"wp-block-media-text__content\">\n<p>Entreprise familiale gersoise sp\u00e9cialis\u00e9e dans les activit\u00e9s de plein air et de team building : quad, e-trott, lancer de haches, jeux en bois\u2026<\/p>\n\n\n\n<p class=\"has-ast-global-color-3-color has-text-color has-link-color wp-elements-774121ba24b5ee03e27a4beb999eb524\">Ma mission : d\u00e9velopper leur <strong>communication BtoB<\/strong> sur LinkedIn afin d\u2019accro\u00eetre la visibilit\u00e9 de l\u2019entreprise et d\u2019attirer davantage de clients professionnels.<\/p>\n\n\n\n<p class=\"has-ast-global-color-3-color has-text-color has-link-color wp-elements-5a346139db630dd219e8300448240229\">\u2022 Refonte compl\u00e8te de la page LinkedIn<br>\u2022 Cr\u00e9ation d\u2019une <strong>charte graphique d\u00e9di\u00e9e<\/strong> et d\u2019un <strong>calendrier \u00e9ditorial<\/strong><br>\u2022 R\u00e9daction et cr\u00e9ation de publications (visuels, vid\u00e9os, PDF)<br>\u2022 Optimisation des relations avec des contacts cibl\u00e9s (agences, offices de tourisme, entreprises du Sud-Ouest)<\/p>\n<\/div><figure class=\"wp-block-media-text__media\"><img loading=\"lazy\" decoding=\"async\" width=\"600\" height=\"503\" src=\"https:\/\/www.leslietrimbur.fr\/wp-content\/uploads\/2025\/10\/Sans-titre-600-x-503-px-1.png\" alt=\"\" class=\"wp-image-508 size-full\" srcset=\"https:\/\/www.leslietrimbur.fr\/wp-content\/uploads\/2025\/10\/Sans-titre-600-x-503-px-1.png 600w, https:\/\/www.leslietrimbur.fr\/wp-content\/uploads\/2025\/10\/Sans-titre-600-x-503-px-1-300x252.png 300w\" sizes=\"auto, (max-width: 600px) 100vw, 600px\" \/><\/figure><\/div>\n\n\n\n<p class=\"has-text-align-center has-border-color has-ast-global-color-1-border-color has-ast-global-color-0-color has-text-color has-link-color wp-elements-6dc8795cb25ddf4b731ebf1cfe1eab46\" style=\"border-width:2px;margin-top:var(--wp--preset--spacing--20);margin-bottom:var(--wp--preset--spacing--20);font-style:normal;font-weight:600\">\ud83d\udcc8 <strong>R\u00e9sultats (en 5 mois)<\/strong> : +442 abonn\u00e9s, 14 % de taux d\u2019engagement moyen, +12 000 impressions \u2014 une visibilit\u00e9 accrue et une image plus professionnelle pour l\u2019entreprise<\/p>\n<\/div>\n\n\n\n<div class=\"wp-block-cb-slide-v2 cb-slide swiper-slide slide-card\">\n<h2 class=\"wp-block-heading has-ast-global-color-0-color has-text-color has-link-color wp-elements-20b5e115790faf2c3c2038c83bcfd613\" style=\"font-size:25px\">COMMUNITY MANAGER<\/h2>\n\n\n\n<h5 class=\"wp-block-heading\" style=\"font-style:italic;font-weight:100\">Les Soir\u00e9es des Entrepreneurs du Gers<\/h5>\n\n\n\n<div class=\"wp-block-media-text alignfull has-media-on-the-right is-stacked-on-mobile is-vertically-aligned-center is-style-default\" style=\"grid-template-columns:auto 56%\"><div class=\"wp-block-media-text__content\">\n<p>Membre active du collectif et <strong>Community Manager<\/strong> des <em>Soir\u00e9es des Entrepreneurs du Gers<\/em>, un r\u00e9seau local favorisant les \u00e9changes entre professionnels dans un cadre convivial et bienveillant.<\/p>\n\n\n\n<p class=\"has-ast-global-color-3-color has-text-color has-link-color wp-elements-72b9cbc66821a934f9b14907b673c000\">\u2022 Organisation et coordination des \u00e9v\u00e9nements mensuels dans diff\u00e9rents lieux embl\u00e9matiques du Gers<br>\u2022 Gestion compl\u00e8te de la communication LinkedIn : refonte, ligne \u00e9ditoriale, publication des portraits, retours en images et actualit\u00e9s<br>\u2022 Animation du r\u00e9seau en ligne et cr\u00e9ation d\u2019un <strong>annuaire des entrepreneurs du territoire<\/strong><\/p>\n<\/div><figure class=\"wp-block-media-text__media\"><img loading=\"lazy\" decoding=\"async\" width=\"600\" height=\"503\" src=\"https:\/\/www.leslietrimbur.fr\/wp-content\/uploads\/2025\/10\/Sans-titre-600-x-503-px-2.png\" alt=\"\" class=\"wp-image-513 size-full\" srcset=\"https:\/\/www.leslietrimbur.fr\/wp-content\/uploads\/2025\/10\/Sans-titre-600-x-503-px-2.png 600w, https:\/\/www.leslietrimbur.fr\/wp-content\/uploads\/2025\/10\/Sans-titre-600-x-503-px-2-300x252.png 300w\" sizes=\"auto, (max-width: 600px) 100vw, 600px\" \/><\/figure><\/div>\n\n\n\n<p class=\"has-border-color has-ast-global-color-1-border-color has-ast-global-color-0-color has-text-color has-link-color wp-elements-b0e2d1aa5b737cc459ef07794b63a54c\" style=\"border-width:2px;margin-top:var(--wp--preset--spacing--30);margin-right:var(--wp--preset--spacing--30);margin-bottom:var(--wp--preset--spacing--30);margin-left:var(--wp--preset--spacing--30)\">\u2728 <strong>Objectif :<\/strong> dynamiser la communaut\u00e9, valoriser les acteurs locaux et cr\u00e9er des connexions professionnelles authentiques.<\/p>\n<\/div>\n<\/div><\/div><div class=\"cb-pagination swiper-pagination\"><\/div><div class=\"cb-button-prev swiper-button-prev\"><\/div><div class=\"cb-button-next swiper-button-next\"><\/div><\/div>\n<\/div>\n","protected":false},"excerpt":{"rendered":"<p>De Nice au Gers&#8230; Des projets, des Histoires Mais un seul Roman<\/p>\n","protected":false},"author":1,"featured_media":0,"parent":0,"menu_order":0,"comment_status":"closed","ping_status":"closed","template":"","meta":{"site-sidebar-layout":"no-sidebar","site-content-layout":"page-builder","ast-site-content-layout":"default","site-content-style":"default","site-sidebar-style":"default","ast-global-header-display":"","ast-banner-title-visibility":"","ast-main-header-display":"","ast-hfb-above-header-display":"","ast-hfb-below-header-display":"","ast-hfb-mobile-header-display":"","site-post-title":"disabled","ast-breadcrumbs-content":"","ast-featured-img":"disabled","footer-sml-layout":"","ast-disable-related-posts":"","theme-transparent-header-meta":"","adv-header-id-meta":"","stick-header-meta":"","header-above-stick-meta":"","header-main-stick-meta":"","header-below-stick-meta":"","astra-migrate-meta-layouts":"default","ast-page-background-enabled":"default","ast-page-background-meta":{"desktop":{"background-color":"var(--ast-global-color-5)","background-image":"","background-repeat":"repeat","background-position":"center center","background-size":"auto","background-attachment":"scroll","background-type":"","background-media":"","overlay-type":"","overlay-color":"","overlay-opacity":"","overlay-gradient":""},"tablet":{"background-color":"","background-image":"","background-repeat":"repeat","background-position":"center center","background-size":"auto","background-attachment":"scroll","background-type":"","background-media":"","overlay-type":"","overlay-color":"","overlay-opacity":"","overlay-gradient":""},"mobile":{"background-color":"","background-image":"","background-repeat":"repeat","background-position":"center center","background-size":"auto","background-attachment":"scroll","background-type":"","background-media":"","overlay-type":"","overlay-color":"","overlay-opacity":"","overlay-gradient":""}},"ast-content-background-meta":{"desktop":{"background-color":"var(--ast-global-color-4)","background-image":"","background-repeat":"repeat","background-position":"center center","background-size":"auto","background-attachment":"scroll","background-type":"","background-media":"","overlay-type":"","overlay-color":"","overlay-opacity":"","overlay-gradient":""},"tablet":{"background-color":"var(--ast-global-color-4)","background-image":"","background-repeat":"repeat","background-position":"center center","background-size":"auto","background-attachment":"scroll","background-type":"","background-media":"","overlay-type":"","overlay-color":"","overlay-opacity":"","overlay-gradient":""},"mobile":{"background-color":"var(--ast-global-color-4)","background-image":"","background-repeat":"repeat","background-position":"center center","background-size":"auto","background-attachment":"scroll","background-type":"","background-media":"","overlay-type":"","overlay-color":"","overlay-opacity":"","overlay-gradient":""}},"footnotes":""},"class_list":["post-448","page","type-page","status-publish","hentry"],"_links":{"self":[{"href":"https:\/\/www.leslietrimbur.fr\/index.php\/wp-json\/wp\/v2\/pages\/448","targetHints":{"allow":["GET"]}}],"collection":[{"href":"https:\/\/www.leslietrimbur.fr\/index.php\/wp-json\/wp\/v2\/pages"}],"about":[{"href":"https:\/\/www.leslietrimbur.fr\/index.php\/wp-json\/wp\/v2\/types\/page"}],"author":[{"embeddable":true,"href":"https:\/\/www.leslietrimbur.fr\/index.php\/wp-json\/wp\/v2\/users\/1"}],"replies":[{"embeddable":true,"href":"https:\/\/www.leslietrimbur.fr\/index.php\/wp-json\/wp\/v2\/comments?post=448"}],"version-history":[{"count":32,"href":"https:\/\/www.leslietrimbur.fr\/index.php\/wp-json\/wp\/v2\/pages\/448\/revisions"}],"predecessor-version":[{"id":580,"href":"https:\/\/www.leslietrimbur.fr\/index.php\/wp-json\/wp\/v2\/pages\/448\/revisions\/580"}],"wp:attachment":[{"href":"https:\/\/www.leslietrimbur.fr\/index.php\/wp-json\/wp\/v2\/media?parent=448"}],"curies":[{"name":"wp","href":"https:\/\/api.w.org\/{rel}","templated":true}]}}