{"id":80,"date":"2025-10-16T14:00:48","date_gmt":"2025-10-16T14:00:48","guid":{"rendered":"http:\/\/www.leslietrimbur.fr\/?page_id=80"},"modified":"2026-01-15T14:40:50","modified_gmt":"2026-01-15T14:40:50","slug":"decouvrir-mes-services","status":"publish","type":"page","link":"https:\/\/www.leslietrimbur.fr\/index.php\/decouvrir-mes-services\/","title":{"rendered":"D\u00e9couvrir mes services"},"content":{"rendered":"\n<figure class=\"wp-block-video\"><video height=\"2158\" style=\"aspect-ratio: 3840 \/ 2158;\" width=\"3840\" autoplay loop muted preload=\"auto\" src=\"https:\/\/www.leslietrimbur.fr\/wp-content\/uploads\/2025\/10\/COMMUNICATION-2.mp4\"><\/video><\/figure>\n\n\n\n<div class=\"wp-block-columns services-columns is-layout-flex wp-container-core-columns-is-layout-28f84493 wp-block-columns-is-layout-flex\">\n<div class=\"wp-block-column service-col is-layout-flow wp-block-column-is-layout-flow\">\n<h4 class=\"wp-block-heading has-text-align-center service-title\" style=\"border-width:4px;border-radius:40px;font-size:30px\">COMMUNICATION<\/h4>\n\n\n\n<blockquote class=\"wp-block-quote is-layout-flow wp-block-quote-is-layout-flow\">\n<p class=\"service-intro has-ast-global-color-0-color has-text-color has-link-color wp-elements-a25a9681216c04cc7a0864a5bf1d487d\" style=\"font-size:18px\">Je rends votre entreprise (et vos produits \/ services) visible, cr\u00e9dible et attractive aupr\u00e8s de vos clients, partenaires et futurs talents.<\/p>\n<\/blockquote>\n\n\n\n<details class=\"wp-block-details is-layout-flow wp-block-details-is-layout-flow\"><summary>En savoir plus<\/summary>\n<ul class=\"wp-block-list\">\n<li class=\"service-list has-ast-global-color-3-color has-text-color has-link-color wp-elements-55af2a35f76c7221463d334b2589fbd4\" style=\"font-size:18px\">Strat\u00e9gie de communication<\/li>\n\n\n\n<li class=\"has-ast-global-color-3-color has-text-color has-link-color wp-elements-052ff4b52d810133b428551484c18105\" style=\"font-size:18px\">Communication digitale &amp; Community Manager<\/li>\n\n\n\n<li class=\"has-ast-global-color-3-color has-text-color has-link-color wp-elements-c4b84ddb4a944454a3dda130d82daf70\" style=\"font-size:18px\">Gestion &amp; Animation LinkedIn<\/li>\n\n\n\n<li class=\"has-ast-global-color-3-color has-text-color has-link-color wp-elements-074c75b5d7a846d649e791da6868b1aa\" style=\"font-size:18px\">Mise en valeur de votre savoir-faire<\/li>\n\n\n\n<li class=\"has-ast-global-color-3-color has-text-color has-link-color wp-elements-c71e4e56dbae56bfa0496b7f2fb1c7c2\" style=\"font-size:18px\">Cr\u00e9ation de contenus <\/li>\n\n\n\n<li class=\"has-ast-global-color-3-color has-text-color has-link-color wp-elements-1a95d6b5434b6ab89a7f6d03ec1acb31\" style=\"font-size:18px\">D\u00e9veloppement du r\u00e9seau<\/li>\n<\/ul>\n<\/details>\n<\/div>\n\n\n\n<div class=\"wp-block-column is-layout-flow wp-block-column-is-layout-flow\">\n<h4 class=\"wp-block-heading has-text-align-center service-col\" style=\"border-width:4px;border-radius:40px;font-size:30px;text-transform:uppercase\">\u00e9v\u00e9nementiel <\/h4>\n\n\n\n<blockquote class=\"wp-block-quote is-layout-flow wp-block-quote-is-layout-flow\">\n<p class=\"has-ast-global-color-0-color has-text-color has-link-color wp-elements-29a3a55445541e6b92c35660dd807ab6\" style=\"font-size:18px\">J\u2019imagine, organise et coordonne vos temps forts internes et externes.<\/p>\n<\/blockquote>\n\n\n\n<div style=\"height:36px\" aria-hidden=\"true\" class=\"wp-block-spacer\"><\/div>\n\n\n\n<details class=\"wp-block-details is-layout-flow wp-block-details-is-layout-flow\"><summary>En savoir plus<\/summary>\n<ul class=\"wp-block-list\">\n<li class=\"has-ast-global-color-3-color has-text-color has-link-color wp-elements-b3701a73320fe88dd671001c3ec5890b\" style=\"font-size:18px\">S\u00e9minaires, journ\u00e9es d\u2019\u00e9quipe, team-building<\/li>\n\n\n\n<li class=\"has-ast-global-color-3-color has-text-color has-link-color wp-elements-1d3bde23f3f92d5773f2877fb13e6805\" style=\"font-size:18px\">Soir\u00e9es professionnelles, rencontres business, r\u00e9seautage<\/li>\n\n\n\n<li class=\"has-ast-global-color-3-color has-text-color has-link-color wp-elements-0dfe1d9d00c562e97ba5f819c3f1b9f7\" style=\"font-size:18px\">Portes ouvertes, \u00e9v\u00e9nements clients, valorisation de marque employeur<\/li>\n\n\n\n<li class=\"has-ast-global-color-3-color has-text-color has-link-color wp-elements-9850eba16f6fff409756d44f0a7c9fdf\" style=\"font-size:18px\">Gestion des prestataires, du lieu, de la logistique et du d\u00e9roul\u00e9<\/li>\n\n\n\n<li class=\"has-ast-global-color-3-color has-text-color has-link-color wp-elements-70889357c7bbd62b3a85bee70b0b882e\" style=\"font-size:18px\">Pr\u00e9sence sur place le jour J, pour que vous puissiez \u00eatre avec vos \u00e9quipes (et pas en train de courir)<\/li>\n<\/ul>\n<\/details>\n<\/div>\n\n\n\n<div class=\"wp-block-column service-col is-layout-flow wp-block-column-is-layout-flow\">\n<h4 class=\"wp-block-heading has-text-align-center\" style=\"border-width:4px;border-radius:40px;font-size:30px\">CULTURE ENTREPRISE<\/h4>\n\n\n\n<blockquote class=\"wp-block-quote is-layout-flow wp-block-quote-is-layout-flow\">\n<p class=\"has-ast-global-color-0-color has-text-color has-link-color wp-elements-663ac911edb94bcbed5e611d39b99e0d\" style=\"font-size:18px\">Un relais humain en interne : j\u2019\u00e9coute, je remonte, je propose, j\u2019apaise.<br>Le but : fluidifier le quotidien et fid\u00e9liser vos \u00e9quipes.<\/p>\n<\/blockquote>\n\n\n\n<details class=\"wp-block-details is-layout-flow wp-block-details-is-layout-flow\"><summary>En savoir plus<\/summary>\n<ul class=\"wp-block-list\">\n<li class=\"has-ast-global-color-3-color has-text-color has-link-color wp-elements-1b267c5e2498dd8b0e631668a0038994\" style=\"font-size:18px\">Diagnostic du climat interne (\u00e9coute active, perception terrain)<\/li>\n\n\n\n<li class=\"has-ast-global-color-3-color has-text-color has-link-color wp-elements-347ee6a278f1be483d24275785cc041a\" style=\"font-size:18px\">Lien Direction \u2194 RH \u2194 \u00e9quipes<\/li>\n\n\n\n<li class=\"has-ast-global-color-3-color has-text-color has-link-color wp-elements-4f3ce26ee89700d5f1ee59b1af832f66\" style=\"font-size:18px\">Actions bien-\u00eatre concr\u00e8tes et adapt\u00e9es (pas du \u201cfeel good\u201d vide)<\/li>\n\n\n\n<li class=\"has-ast-global-color-3-color has-text-color has-link-color wp-elements-c564513a8ab243b82c8b60becc008338\" style=\"font-size:18px\">Aide sur les sujets sensibles : int\u00e9gration, tensions, turn-over<\/li>\n\n\n\n<li class=\"has-ast-global-color-3-color has-text-color has-link-color wp-elements-9121a71426a365a698f1a908c508d5a3\" style=\"font-size:18px\">Valorisation interne : donner envie d\u2019appartenir \u00e0 l\u2019entreprise<\/li>\n<\/ul>\n<\/details>\n<\/div>\n<\/div>\n\n\n\n<div class=\"wp-block-group services-cta-box reveal-soft is-layout-constrained wp-block-group-is-layout-constrained\" style=\"border-style:none;border-width:0px;border-radius:0px;margin-top:0px;margin-bottom:0px;padding-top:0;padding-bottom:0\">\n<p class=\"has-text-align-center has-border-color has-ast-global-color-3-color has-text-color has-link-color wp-elements-db6d03997b283d3a0f4ce587a5917658\" style=\"border-color:var(--ast-global-color-1);border-width:2px;border-radius:12px;font-size:18px\">Vous avez un besoin concret ? Vous voulez tester une mission courte ? <br>On en parle.<\/p>\n\n\n\n<div class=\"wp-block-buttons is-content-justification-center is-layout-flex wp-container-core-buttons-is-layout-a89b3969 wp-block-buttons-is-layout-flex\">\n<div class=\"wp-block-button cta-btn\"><a class=\"wp-block-button__link has-ast-global-color-3-color has-text-color has-link-color wp-element-button\" href=\"https:\/\/www.leslietrimbur.fr\/index.php\/me-contacter\/\">Me contacter<\/a><\/div>\n<\/div>\n<\/div>\n\n\n\n<script>\ndocument.addEventListener('DOMContentLoaded', function () {\n  const reveals = document.querySelectorAll('.reveal-soft, .service-col');\n\n  function onScroll() {\n    const triggerBottom = window.innerHeight * 0.9;\n    reveals.forEach(el => {\n      const rect = el.getBoundingClientRect();\n      if (rect.top < triggerBottom) {        el.classList.add('visible');\n      }\n    });\n  }\n\n  onScroll();\n  window.addEventListener('scroll', onScroll);\n});\n<\/script>\n","protected":false},"excerpt":{"rendered":"<p>COMMUNICATION Je rends votre entreprise (et vos produits \/ services) visible, cr\u00e9dible et attractive aupr\u00e8s de vos clients, partenaires et [&hellip;]<\/p>\n","protected":false},"author":1,"featured_media":0,"parent":0,"menu_order":3,"comment_status":"closed","ping_status":"closed","template":"","meta":{"site-sidebar-layout":"default","site-content-layout":"","ast-site-content-layout":"default","site-content-style":"default","site-sidebar-style":"default","ast-global-header-display":"","ast-banner-title-visibility":"","ast-main-header-display":"","ast-hfb-above-header-display":"","ast-hfb-below-header-display":"","ast-hfb-mobile-header-display":"","site-post-title":"","ast-breadcrumbs-content":"","ast-featured-img":"","footer-sml-layout":"","ast-disable-related-posts":"","theme-transparent-header-meta":"","adv-header-id-meta":"","stick-header-meta":"","header-above-stick-meta":"","header-main-stick-meta":"","header-below-stick-meta":"","astra-migrate-meta-layouts":"default","ast-page-background-enabled":"default","ast-page-background-meta":{"desktop":{"background-color":"var(--ast-global-color-5)","background-image":"","background-repeat":"repeat","background-position":"center center","background-size":"auto","background-attachment":"scroll","background-type":"","background-media":"","overlay-type":"","overlay-color":"","overlay-opacity":"","overlay-gradient":""},"tablet":{"background-color":"","background-image":"","background-repeat":"repeat","background-position":"center center","background-size":"auto","background-attachment":"scroll","background-type":"","background-media":"","overlay-type":"","overlay-color":"","overlay-opacity":"","overlay-gradient":""},"mobile":{"background-color":"","background-image":"","background-repeat":"repeat","background-position":"center center","background-size":"auto","background-attachment":"scroll","background-type":"","background-media":"","overlay-type":"","overlay-color":"","overlay-opacity":"","overlay-gradient":""}},"ast-content-background-meta":{"desktop":{"background-color":"var(--ast-global-color-4)","background-image":"","background-repeat":"repeat","background-position":"center center","background-size":"auto","background-attachment":"scroll","background-type":"","background-media":"","overlay-type":"","overlay-color":"","overlay-opacity":"","overlay-gradient":""},"tablet":{"background-color":"var(--ast-global-color-4)","background-image":"","background-repeat":"repeat","background-position":"center center","background-size":"auto","background-attachment":"scroll","background-type":"","background-media":"","overlay-type":"","overlay-color":"","overlay-opacity":"","overlay-gradient":""},"mobile":{"background-color":"var(--ast-global-color-4)","background-image":"","background-repeat":"repeat","background-position":"center center","background-size":"auto","background-attachment":"scroll","background-type":"","background-media":"","overlay-type":"","overlay-color":"","overlay-opacity":"","overlay-gradient":""}},"footnotes":""},"class_list":["post-80","page","type-page","status-publish","hentry"],"_links":{"self":[{"href":"https:\/\/www.leslietrimbur.fr\/index.php\/wp-json\/wp\/v2\/pages\/80","targetHints":{"allow":["GET"]}}],"collection":[{"href":"https:\/\/www.leslietrimbur.fr\/index.php\/wp-json\/wp\/v2\/pages"}],"about":[{"href":"https:\/\/www.leslietrimbur.fr\/index.php\/wp-json\/wp\/v2\/types\/page"}],"author":[{"embeddable":true,"href":"https:\/\/www.leslietrimbur.fr\/index.php\/wp-json\/wp\/v2\/users\/1"}],"replies":[{"embeddable":true,"href":"https:\/\/www.leslietrimbur.fr\/index.php\/wp-json\/wp\/v2\/comments?post=80"}],"version-history":[{"count":45,"href":"https:\/\/www.leslietrimbur.fr\/index.php\/wp-json\/wp\/v2\/pages\/80\/revisions"}],"predecessor-version":[{"id":561,"href":"https:\/\/www.leslietrimbur.fr\/index.php\/wp-json\/wp\/v2\/pages\/80\/revisions\/561"}],"wp:attachment":[{"href":"https:\/\/www.leslietrimbur.fr\/index.php\/wp-json\/wp\/v2\/media?parent=80"}],"curies":[{"name":"wp","href":"https:\/\/api.w.org\/{rel}","templated":true}]}}